{"id":6,"date":"2016-03-11T13:45:57","date_gmt":"2016-03-11T12:45:57","guid":{"rendered":"http:\/\/helmut-mayr.de\/en\/?page_id=6"},"modified":"2019-04-12T09:58:45","modified_gmt":"2019-04-12T07:58:45","slug":"impressum","status":"publish","type":"page","link":"https:\/\/helmut-mayr.de\/en\/impressum\/","title":{"rendered":"Impressum"},"content":{"rendered":"<div class=\"fusion-fullwidth fullwidth-box fusion-builder-row-1 hundred-percent-fullwidth non-hundred-percent-height-scrolling\" style=\"--awb-border-radius-top-left:0px;--awb-border-radius-top-right:0px;--awb-border-radius-bottom-right:0px;--awb-border-radius-bottom-left:0px;--awb-overflow:visible;--awb-flex-wrap:wrap;\" ><div class=\"fusion-builder-row fusion-row\"><div class=\"fusion-layout-column fusion_builder_column fusion-builder-column-0 fusion_builder_column_1_1 1_1 fusion-one-full fusion-column-first fusion-column-last\" style=\"--awb-bg-size:cover;\"><div class=\"fusion-column-wrapper fusion-flex-column-wrapper-legacy\"><div class=\"fusion-text fusion-text-1\"><h1>Impressum<\/h1>\n<h2>Angaben gem\u00e4\u00df \u00a7 5 TMG:<\/h2>\n<p>Helmut Mayr Uhren GmbH<br \/>\nBrambach 92<br \/>\n78713 Schramberg<\/p>\n<h2>Vertreten durch:<\/h2>\n<p>Stefan Schultis<\/p>\n<h2>Kontakt:<\/h2>\n<table>\n<tbody>\n<tr>\n<td>Telefon:<\/td>\n<td>+49 (0) 74 22 \/ 959 20 42<\/td>\n<\/tr>\n<tr>\n<td>Telefax:<\/td>\n<td>+49 (0) 74 22 \/ 959 20 45<\/td>\n<\/tr>\n<tr>\n<td>E-Mail:<\/td>\n<td>info@helmut-mayr.de<\/td>\n<\/tr>\n<\/tbody>\n<\/table>\n<h2>Registereintrag:<\/h2>\n<p>Eintragung im Handelsregister.<br \/>\nRegistergericht:Amtsgericht Stuttgart<br \/>\nRegisternummer: HRB 736353<\/p>\n<h2>Umsatzsteuer-ID:<\/h2>\n<p>Umsatzsteuer-Identifikationsnummer gem\u00e4\u00df \u00a727 a Umsatzsteuergesetz:<br \/>\nDE273248847<\/p>\n<p>Quelle: <em><a href=\"http:\/\/www.e-recht24.de\/impressum-generator.html\" rel=\"nofollow\">http:\/\/www.e-recht24.de<\/a><\/em><\/p>\n<\/div><div class=\"fusion-text fusion-text-2\"><h1>Haftungsausschluss (Disclaimer)<\/h1>\n<p><strong>Haftung f\u00fcr Inhalte<\/strong><\/p>\n<p>Als Diensteanbieter sind wir gem\u00e4\u00df \u00a7 7 Abs.1 TMG f\u00fcr eigene Inhalte auf diesen Seiten nach den allgemeinen Gesetzen verantwortlich. Nach \u00a7\u00a7 8 bis 10 TMG sind wir als Diensteanbieter jedoch nicht verpflichtet, \u00fcbermittelte oder gespeicherte fremde Informationen zu \u00fcberwachen oder nach Umst\u00e4nden zu forschen, die auf eine rechtswidrige T\u00e4tigkeit hinweisen. Verpflichtungen zur Entfernung oder Sperrung der Nutzung von Informationen nach den allgemeinen Gesetzen bleiben hiervon unber\u00fchrt. Eine diesbez\u00fcgliche Haftung ist jedoch erst ab dem Zeitpunkt der Kenntnis einer konkreten Rechtsverletzung m\u00f6glich. Bei Bekanntwerden von entsprechenden Rechtsverletzungen werden wir diese Inhalte umgehend entfernen.<\/p>\n<p><strong>Haftung f\u00fcr Links<\/strong><\/p>\n<p>Unser Angebot enth\u00e4lt Links zu externen Webseiten Dritter, auf deren Inhalte wir keinen Einfluss haben. Deshalb k\u00f6nnen wir f\u00fcr diese fremden Inhalte auch keine Gew\u00e4hr \u00fcbernehmen. F\u00fcr die Inhalte der verlinkten Seiten ist stets der jeweilige Anbieter oder Betreiber der Seiten verantwortlich. Die verlinkten Seiten wurden zum Zeitpunkt der Verlinkung auf m\u00f6gliche Rechtsverst\u00f6\u00dfe \u00fcberpr\u00fcft. Rechtswidrige Inhalte waren zum Zeitpunkt der Verlinkung nicht erkennbar. Eine permanente inhaltliche Kontrolle der verlinkten Seiten ist jedoch ohne konkrete Anhaltspunkte einer Rechtsverletzung nicht zumutbar. Bei Bekanntwerden von Rechtsverletzungen werden wir derartige Links umgehend entfernen.<\/p>\n<p><strong>Urheberrecht<\/strong><\/p>\n<p>Die durch die Seitenbetreiber erstellten Inhalte und Werke auf diesen Seiten unterliegen dem deutschen Urheberrecht. Die Vervielf\u00e4ltigung, Bearbeitung, Verbreitung und jede Art der Verwertung au\u00dferhalb der Grenzen des Urheberrechtes bed\u00fcrfen der schriftlichen Zustimmung des jeweiligen Autors bzw. Erstellers. Downloads und Kopien dieser Seite sind nur f\u00fcr den privaten, nicht kommerziellen Gebrauch gestattet. Soweit die Inhalte auf dieser Seite nicht vom Betreiber erstellt wurden, werden die Urheberrechte Dritter beachtet. Insbesondere werden Inhalte Dritter als solche gekennzeichnet. Sollten Sie trotzdem auf eine Urheberrechtsverletzung aufmerksam werden, bitten wir um einen entsprechenden Hinweis. Bei Bekanntwerden von Rechtsverletzungen werden wir derartige Inhalte umgehend entfernen.<\/p>\n<\/div><div class=\"fusion-text fusion-text-3\"><h1>Datenschutzerkl\u00e4rung:<\/h1>\n<p><strong>Datenschutz<\/strong><\/p>\n<p>Die Betreiber dieser Seiten nehmen den Schutz Ihrer pers\u00f6nlichen Daten sehr ernst. Wir behandeln Ihre personenbezogenen Daten vertraulich und entsprechend der gesetzlichen Datenschutzvorschriften sowie dieser Datenschutzerkl\u00e4rung.<\/p>\n<p>Die Nutzung unserer Webseite ist in der Regel ohne Angabe personenbezogener Daten m\u00f6glich. Soweit auf unseren Seiten personenbezogene Daten (beispielsweise Name, Anschrift oder E-Mail-Adressen) erhoben werden, erfolgt dies, soweit m\u00f6glich, stets auf freiwilliger Basis. Diese Daten werden ohne Ihre ausdr\u00fcckliche Zustimmung nicht an Dritte weitergegeben.<\/p>\n<p>Wir weisen darauf hin, dass die Daten\u00fcbertragung im Internet (z.B. bei der Kommunikation per E-Mail) Sicherheitsl\u00fccken aufweisen kann. Ein l\u00fcckenloser Schutz der Daten vor dem Zugriff durch Dritte ist nicht m\u00f6glich.<\/p>\n<\/div><div class=\"fusion-clearfix\"><\/div><\/div><\/div><\/div><\/div>\n","protected":false},"excerpt":{"rendered":"","protected":false},"author":1,"featured_media":0,"parent":0,"menu_order":0,"comment_status":"closed","ping_status":"closed","template":"","meta":{"footnotes":""},"class_list":["post-6","page","type-page","status-publish","hentry"],"yoast_head":"<!-- This site is optimized with the Yoast SEO plugin v27.4 - https:\/\/yoast.com\/product\/yoast-seo-wordpress\/ -->\n<title>Impressum - Helmut Mayr Uhren GmbH - EN<\/title>\n<meta name=\"robots\" content=\"index, follow, max-snippet:-1, max-image-preview:large, max-video-preview:-1\" \/>\n<link rel=\"canonical\" href=\"https:\/\/helmut-mayr.de\/en\/impressum\/\" \/>\n<meta property=\"og:locale\" content=\"en_GB\" \/>\n<meta property=\"og:type\" content=\"article\" \/>\n<meta property=\"og:title\" content=\"Impressum - Helmut Mayr Uhren GmbH - EN\" \/>\n<meta property=\"og:url\" content=\"https:\/\/helmut-mayr.de\/en\/impressum\/\" \/>\n<meta property=\"og:site_name\" content=\"Helmut Mayr Uhren GmbH - EN\" \/>\n<meta property=\"article:modified_time\" content=\"2019-04-12T07:58:45+00:00\" \/>\n<meta name=\"twitter:card\" content=\"summary_large_image\" \/>\n<meta name=\"twitter:label1\" content=\"Estimated reading time\" \/>\n\t<meta name=\"twitter:data1\" content=\"3 minutes\" \/>\n<script type=\"application\/ld+json\" class=\"yoast-schema-graph\">{\"@context\":\"https:\\\/\\\/schema.org\",\"@graph\":[{\"@type\":\"WebPage\",\"@id\":\"https:\\\/\\\/helmut-mayr.de\\\/en\\\/impressum\\\/\",\"url\":\"https:\\\/\\\/helmut-mayr.de\\\/en\\\/impressum\\\/\",\"name\":\"Impressum - Helmut Mayr Uhren GmbH - EN\",\"isPartOf\":{\"@id\":\"https:\\\/\\\/helmut-mayr.de\\\/en\\\/#website\"},\"datePublished\":\"2016-03-11T12:45:57+00:00\",\"dateModified\":\"2019-04-12T07:58:45+00:00\",\"breadcrumb\":{\"@id\":\"https:\\\/\\\/helmut-mayr.de\\\/en\\\/impressum\\\/#breadcrumb\"},\"inLanguage\":\"en-GB\",\"potentialAction\":[{\"@type\":\"ReadAction\",\"target\":[\"https:\\\/\\\/helmut-mayr.de\\\/en\\\/impressum\\\/\"]}]},{\"@type\":\"BreadcrumbList\",\"@id\":\"https:\\\/\\\/helmut-mayr.de\\\/en\\\/impressum\\\/#breadcrumb\",\"itemListElement\":[{\"@type\":\"ListItem\",\"position\":1,\"name\":\"Home\",\"item\":\"https:\\\/\\\/helmut-mayr.de\\\/en\\\/\"},{\"@type\":\"ListItem\",\"position\":2,\"name\":\"Impressum\"}]},{\"@type\":\"WebSite\",\"@id\":\"https:\\\/\\\/helmut-mayr.de\\\/en\\\/#website\",\"url\":\"https:\\\/\\\/helmut-mayr.de\\\/en\\\/\",\"name\":\"Helmut Mayr Uhren GmbH - EN\",\"description\":\"Eine weitere Helmut Mayr Uhren GmbH-Website\",\"potentialAction\":[{\"@type\":\"SearchAction\",\"target\":{\"@type\":\"EntryPoint\",\"urlTemplate\":\"https:\\\/\\\/helmut-mayr.de\\\/en\\\/?s={search_term_string}\"},\"query-input\":{\"@type\":\"PropertyValueSpecification\",\"valueRequired\":true,\"valueName\":\"search_term_string\"}}],\"inLanguage\":\"en-GB\"}]}<\/script>\n<!-- \/ Yoast SEO plugin. -->","yoast_head_json":{"title":"Impressum - Helmut Mayr Uhren GmbH - EN","robots":{"index":"index","follow":"follow","max-snippet":"max-snippet:-1","max-image-preview":"max-image-preview:large","max-video-preview":"max-video-preview:-1"},"canonical":"https:\/\/helmut-mayr.de\/en\/impressum\/","og_locale":"en_GB","og_type":"article","og_title":"Impressum - Helmut Mayr Uhren GmbH - EN","og_url":"https:\/\/helmut-mayr.de\/en\/impressum\/","og_site_name":"Helmut Mayr Uhren GmbH - EN","article_modified_time":"2019-04-12T07:58:45+00:00","twitter_card":"summary_large_image","twitter_misc":{"Estimated reading time":"3 minutes"},"schema":{"@context":"https:\/\/schema.org","@graph":[{"@type":"WebPage","@id":"https:\/\/helmut-mayr.de\/en\/impressum\/","url":"https:\/\/helmut-mayr.de\/en\/impressum\/","name":"Impressum - Helmut Mayr Uhren GmbH - EN","isPartOf":{"@id":"https:\/\/helmut-mayr.de\/en\/#website"},"datePublished":"2016-03-11T12:45:57+00:00","dateModified":"2019-04-12T07:58:45+00:00","breadcrumb":{"@id":"https:\/\/helmut-mayr.de\/en\/impressum\/#breadcrumb"},"inLanguage":"en-GB","potentialAction":[{"@type":"ReadAction","target":["https:\/\/helmut-mayr.de\/en\/impressum\/"]}]},{"@type":"BreadcrumbList","@id":"https:\/\/helmut-mayr.de\/en\/impressum\/#breadcrumb","itemListElement":[{"@type":"ListItem","position":1,"name":"Home","item":"https:\/\/helmut-mayr.de\/en\/"},{"@type":"ListItem","position":2,"name":"Impressum"}]},{"@type":"WebSite","@id":"https:\/\/helmut-mayr.de\/en\/#website","url":"https:\/\/helmut-mayr.de\/en\/","name":"Helmut Mayr Uhren GmbH - EN","description":"Eine weitere Helmut Mayr Uhren GmbH-Website","potentialAction":[{"@type":"SearchAction","target":{"@type":"EntryPoint","urlTemplate":"https:\/\/helmut-mayr.de\/en\/?s={search_term_string}"},"query-input":{"@type":"PropertyValueSpecification","valueRequired":true,"valueName":"search_term_string"}}],"inLanguage":"en-GB"}]}},"_links":{"self":[{"href":"https:\/\/helmut-mayr.de\/en\/wp-json\/wp\/v2\/pages\/6","targetHints":{"allow":["GET"]}}],"collection":[{"href":"https:\/\/helmut-mayr.de\/en\/wp-json\/wp\/v2\/pages"}],"about":[{"href":"https:\/\/helmut-mayr.de\/en\/wp-json\/wp\/v2\/types\/page"}],"author":[{"embeddable":true,"href":"https:\/\/helmut-mayr.de\/en\/wp-json\/wp\/v2\/users\/1"}],"replies":[{"embeddable":true,"href":"https:\/\/helmut-mayr.de\/en\/wp-json\/wp\/v2\/comments?post=6"}],"version-history":[{"count":2,"href":"https:\/\/helmut-mayr.de\/en\/wp-json\/wp\/v2\/pages\/6\/revisions"}],"predecessor-version":[{"id":255,"href":"https:\/\/helmut-mayr.de\/en\/wp-json\/wp\/v2\/pages\/6\/revisions\/255"}],"wp:attachment":[{"href":"https:\/\/helmut-mayr.de\/en\/wp-json\/wp\/v2\/media?parent=6"}],"curies":[{"name":"wp","href":"https:\/\/api.w.org\/{rel}","templated":true}]}}